{"id":235,"date":"2025-03-16T12:02:55","date_gmt":"2025-03-16T12:02:55","guid":{"rendered":"https:\/\/fv.pma-shop.de\/index.php\/terms-privacy\/"},"modified":"2025-03-24T14:05:37","modified_gmt":"2025-03-24T13:05:37","slug":"terms-privacy","status":"publish","type":"page","link":"https:\/\/fv.pma-shop.de\/index.php\/terms-privacy\/","title":{"rendered":"Terms &#038; Privacy"},"content":{"rendered":"\t\t<div data-elementor-type=\"wp-page\" data-elementor-id=\"235\" class=\"elementor elementor-235\" data-elementor-post-type=\"page\">\n\t\t\t\t<div class=\"elementor-element elementor-element-6633488a e-flex e-con-boxed e-con e-parent\" data-id=\"6633488a\" data-element_type=\"container\" data-e-type=\"container\">\n\t\t\t\t\t<div class=\"e-con-inner\">\n\t\t<div class=\"elementor-element elementor-element-2bd52c74 e-con-full e-flex e-con e-child\" data-id=\"2bd52c74\" data-element_type=\"container\" data-e-type=\"container\">\n\t\t\t\t<div class=\"elementor-element elementor-element-526e9667 elementor-widget elementor-widget-heading\" data-id=\"526e9667\" data-element_type=\"widget\" data-e-type=\"widget\" data-widget_type=\"heading.default\">\n\t\t\t\t<div class=\"elementor-widget-container\">\n\t\t\t\t\t<h2 class=\"elementor-heading-title elementor-size-default\">Unsere Allgemeinen Gesch\u00e4ftsbedingungen<\/h2>\t\t\t\t<\/div>\n\t\t\t\t<\/div>\n\t\t\t\t<div class=\"elementor-element elementor-element-294a4e6e elementor-icon-list--layout-traditional elementor-list-item-link-full_width elementor-widget elementor-widget-icon-list\" data-id=\"294a4e6e\" data-element_type=\"widget\" data-e-type=\"widget\" data-widget_type=\"icon-list.default\">\n\t\t\t\t<div class=\"elementor-widget-container\">\n\t\t\t\t\t\t\t<ul class=\"elementor-icon-list-items\">\n\t\t\t\t\t\t\t<li class=\"elementor-icon-list-item\">\n\t\t\t\t\t\t\t\t\t\t\t<span class=\"elementor-icon-list-icon\">\n\t\t\t\t\t\t\t<svg aria-hidden=\"true\" class=\"e-font-icon-svg e-fas-square-full\" viewBox=\"0 0 512 512\" xmlns=\"http:\/\/www.w3.org\/2000\/svg\"><path d=\"M512 512H0V0h512v512z\"><\/path><\/svg>\t\t\t\t\t\t<\/span>\n\t\t\t\t\t\t\t\t\t\t<span class=\"elementor-icon-list-text\">1. Geltungsbereich<\/span>\n\t\t\t\t\t\t\t\t\t<\/li>\n\t\t\t\t\t\t<\/ul>\n\t\t\t\t\t\t<\/div>\n\t\t\t\t<\/div>\n\t\t\t\t<div class=\"elementor-element elementor-element-4b0ea63e elementor-widget elementor-widget-text-editor\" data-id=\"4b0ea63e\" data-element_type=\"widget\" data-e-type=\"widget\" data-widget_type=\"text-editor.default\">\n\t\t\t\t<div class=\"elementor-widget-container\">\n\t\t\t\t\t\t\t\t\t<p>Diese Allgemeinen Gesch\u00e4ftsbedingungen gelten f\u00fcr alle Bestellungen, die Verbraucher (\u00a7 13 BGB) \u00fcber unseren Merch-Shop Fischereiverein Schaumburg-Lippe e.V.. t\u00e4tigen.<\/p>\t\t\t\t\t\t\t\t<\/div>\n\t\t\t\t<\/div>\n\t\t\t\t<div class=\"elementor-element elementor-element-169a31b6 elementor-icon-list--layout-traditional elementor-list-item-link-full_width elementor-widget elementor-widget-icon-list\" data-id=\"169a31b6\" data-element_type=\"widget\" data-e-type=\"widget\" data-widget_type=\"icon-list.default\">\n\t\t\t\t<div class=\"elementor-widget-container\">\n\t\t\t\t\t\t\t<ul class=\"elementor-icon-list-items\">\n\t\t\t\t\t\t\t<li class=\"elementor-icon-list-item\">\n\t\t\t\t\t\t\t\t\t\t\t<span class=\"elementor-icon-list-icon\">\n\t\t\t\t\t\t\t<svg aria-hidden=\"true\" class=\"e-font-icon-svg e-fas-square-full\" viewBox=\"0 0 512 512\" xmlns=\"http:\/\/www.w3.org\/2000\/svg\"><path d=\"M512 512H0V0h512v512z\"><\/path><\/svg>\t\t\t\t\t\t<\/span>\n\t\t\t\t\t\t\t\t\t\t<span class=\"elementor-icon-list-text\">2. Vertragspartner<\/span>\n\t\t\t\t\t\t\t\t\t<\/li>\n\t\t\t\t\t\t<\/ul>\n\t\t\t\t\t\t<\/div>\n\t\t\t\t<\/div>\n\t\t\t\t<div class=\"elementor-element elementor-element-7861859f elementor-widget elementor-widget-text-editor\" data-id=\"7861859f\" data-element_type=\"widget\" data-e-type=\"widget\" data-widget_type=\"text-editor.default\">\n\t\t\t\t<div class=\"elementor-widget-container\">\n\t\t\t\t\t\t\t\t\t<p><strong>Printmedia Atelier GmbH &amp; Co. KG<br \/><\/strong>Deisterstr. 23<br \/>31552 Rodenberg<\/p><p>Handelsregister: HRA <span class=\"fontWeightBold\">200721 <\/span><br \/>Registergericht: Amtsgericht Stadthagen<\/p><p>Vertreten durch:<br \/>Printmedia Verwaltungs GmbH<br \/>Deisterstr. 23<br \/>31552 Rodenberg<\/p><p>Diese vertreten durch:<br \/>Sascha Wanjura<\/p><p>Handelsregister: HRB <span class=\"fontWeightBold\">202243<\/span><br \/>Registergericht: Amtsgericht Stadthagen<\/p>\t\t\t\t\t\t\t\t<\/div>\n\t\t\t\t<\/div>\n\t\t\t\t<div class=\"elementor-element elementor-element-4d27d558 elementor-icon-list--layout-traditional elementor-list-item-link-full_width elementor-widget elementor-widget-icon-list\" data-id=\"4d27d558\" data-element_type=\"widget\" data-e-type=\"widget\" data-widget_type=\"icon-list.default\">\n\t\t\t\t<div class=\"elementor-widget-container\">\n\t\t\t\t\t\t\t<ul class=\"elementor-icon-list-items\">\n\t\t\t\t\t\t\t<li class=\"elementor-icon-list-item\">\n\t\t\t\t\t\t\t\t\t\t\t<span class=\"elementor-icon-list-icon\">\n\t\t\t\t\t\t\t<svg aria-hidden=\"true\" class=\"e-font-icon-svg e-fas-square-full\" viewBox=\"0 0 512 512\" xmlns=\"http:\/\/www.w3.org\/2000\/svg\"><path d=\"M512 512H0V0h512v512z\"><\/path><\/svg>\t\t\t\t\t\t<\/span>\n\t\t\t\t\t\t\t\t\t\t<span class=\"elementor-icon-list-text\">3. Angebot und Vertragsabschluss<\/span>\n\t\t\t\t\t\t\t\t\t<\/li>\n\t\t\t\t\t\t<\/ul>\n\t\t\t\t\t\t<\/div>\n\t\t\t\t<\/div>\n\t\t\t\t<div class=\"elementor-element elementor-element-47b5ad9a elementor-widget elementor-widget-text-editor\" data-id=\"47b5ad9a\" data-element_type=\"widget\" data-e-type=\"widget\" data-widget_type=\"text-editor.default\">\n\t\t\t\t<div class=\"elementor-widget-container\">\n\t\t\t\t\t\t\t\t\t<p>Die Darstellung der Produkte im Online-Shop stellt kein rechtlich bindendes Angebot, sondern eine Aufforderung zur Bestellung dar. Durch Anklicken des Buttons \u201eJetzt kaufen\u201c geben Sie eine verbindliche Bestellung der auf der Bestellseite aufgelisteten Waren ab. Der Vertrag kommt zustande, wenn wir Ihre Bestellung durch eine Auftragsbest\u00e4tigung per E-Mail annehmen.<\/p>\t\t\t\t\t\t\t\t<\/div>\n\t\t\t\t<\/div>\n\t\t\t\t<div class=\"elementor-element elementor-element-fdc4ad3 elementor-icon-list--layout-traditional elementor-list-item-link-full_width elementor-widget elementor-widget-icon-list\" data-id=\"fdc4ad3\" data-element_type=\"widget\" data-e-type=\"widget\" data-widget_type=\"icon-list.default\">\n\t\t\t\t<div class=\"elementor-widget-container\">\n\t\t\t\t\t\t\t<ul class=\"elementor-icon-list-items\">\n\t\t\t\t\t\t\t<li class=\"elementor-icon-list-item\">\n\t\t\t\t\t\t\t\t\t\t\t<span class=\"elementor-icon-list-icon\">\n\t\t\t\t\t\t\t<svg aria-hidden=\"true\" class=\"e-font-icon-svg e-fas-square-full\" viewBox=\"0 0 512 512\" xmlns=\"http:\/\/www.w3.org\/2000\/svg\"><path d=\"M512 512H0V0h512v512z\"><\/path><\/svg>\t\t\t\t\t\t<\/span>\n\t\t\t\t\t\t\t\t\t\t<span class=\"elementor-icon-list-text\">4. Preise und Versandkosten<\/span>\n\t\t\t\t\t\t\t\t\t<\/li>\n\t\t\t\t\t\t<\/ul>\n\t\t\t\t\t\t<\/div>\n\t\t\t\t<\/div>\n\t\t\t\t<div class=\"elementor-element elementor-element-13bd539 elementor-widget elementor-widget-text-editor\" data-id=\"13bd539\" data-element_type=\"widget\" data-e-type=\"widget\" data-widget_type=\"text-editor.default\">\n\t\t\t\t<div class=\"elementor-widget-container\">\n\t\t\t\t\t\t\t\t\t<p>Die auf den Produktseiten genannten Preise enthalten die gesetzliche Mehrwertsteuer und sonstige Preisbestandteile.<br data-start=\"1276\" data-end=\"1279\" \/>Zus\u00e4tzlich zu den angegebenen Preisen berechnen wir Versandkosten. Diese werden Ihnen auf den Produktseiten, im Warenkorbsystem und auf der Bestellseite nochmals deutlich mitgeteilt.<\/p>\t\t\t\t\t\t\t\t<\/div>\n\t\t\t\t<\/div>\n\t\t\t\t<div class=\"elementor-element elementor-element-96472da elementor-icon-list--layout-traditional elementor-list-item-link-full_width elementor-widget elementor-widget-icon-list\" data-id=\"96472da\" data-element_type=\"widget\" data-e-type=\"widget\" data-widget_type=\"icon-list.default\">\n\t\t\t\t<div class=\"elementor-widget-container\">\n\t\t\t\t\t\t\t<ul class=\"elementor-icon-list-items\">\n\t\t\t\t\t\t\t<li class=\"elementor-icon-list-item\">\n\t\t\t\t\t\t\t\t\t\t\t<span class=\"elementor-icon-list-icon\">\n\t\t\t\t\t\t\t<svg aria-hidden=\"true\" class=\"e-font-icon-svg e-fas-square-full\" viewBox=\"0 0 512 512\" xmlns=\"http:\/\/www.w3.org\/2000\/svg\"><path d=\"M512 512H0V0h512v512z\"><\/path><\/svg>\t\t\t\t\t\t<\/span>\n\t\t\t\t\t\t\t\t\t\t<span class=\"elementor-icon-list-text\">5. Zahlung<\/span>\n\t\t\t\t\t\t\t\t\t<\/li>\n\t\t\t\t\t\t<\/ul>\n\t\t\t\t\t\t<\/div>\n\t\t\t\t<\/div>\n\t\t\t\t<div class=\"elementor-element elementor-element-6879a40 elementor-widget elementor-widget-text-editor\" data-id=\"6879a40\" data-element_type=\"widget\" data-e-type=\"widget\" data-widget_type=\"text-editor.default\">\n\t\t\t\t<div class=\"elementor-widget-container\">\n\t\t\t\t\t\t\t\t\t<p>Die Zahlung erfolgt wahlweise per Vorkasse, PayPal oder anderen im Bestellprozess angebotenen Zahlungsmethoden.<\/p>\t\t\t\t\t\t\t\t<\/div>\n\t\t\t\t<\/div>\n\t\t\t\t<div class=\"elementor-element elementor-element-ff4c343 elementor-icon-list--layout-traditional elementor-list-item-link-full_width elementor-widget elementor-widget-icon-list\" data-id=\"ff4c343\" data-element_type=\"widget\" data-e-type=\"widget\" data-widget_type=\"icon-list.default\">\n\t\t\t\t<div class=\"elementor-widget-container\">\n\t\t\t\t\t\t\t<ul class=\"elementor-icon-list-items\">\n\t\t\t\t\t\t\t<li class=\"elementor-icon-list-item\">\n\t\t\t\t\t\t\t\t\t\t\t<span class=\"elementor-icon-list-icon\">\n\t\t\t\t\t\t\t<svg aria-hidden=\"true\" class=\"e-font-icon-svg e-fas-square-full\" viewBox=\"0 0 512 512\" xmlns=\"http:\/\/www.w3.org\/2000\/svg\"><path d=\"M512 512H0V0h512v512z\"><\/path><\/svg>\t\t\t\t\t\t<\/span>\n\t\t\t\t\t\t\t\t\t\t<span class=\"elementor-icon-list-text\">6. Lieferung<\/span>\n\t\t\t\t\t\t\t\t\t<\/li>\n\t\t\t\t\t\t<\/ul>\n\t\t\t\t\t\t<\/div>\n\t\t\t\t<\/div>\n\t\t\t\t<div class=\"elementor-element elementor-element-c340b14 elementor-widget elementor-widget-text-editor\" data-id=\"c340b14\" data-element_type=\"widget\" data-e-type=\"widget\" data-widget_type=\"text-editor.default\">\n\t\t\t\t<div class=\"elementor-widget-container\">\n\t\t\t\t\t\t\t\t\t<p>Die Lieferung erfolgt innerhalb Deutschlands und in andere L\u00e4nder gem\u00e4\u00df den im Shop angegebenen Lieferbedingungen und Lieferzeiten.<\/p>\t\t\t\t\t\t\t\t<\/div>\n\t\t\t\t<\/div>\n\t\t\t\t<div class=\"elementor-element elementor-element-ca80e25 elementor-icon-list--layout-traditional elementor-list-item-link-full_width elementor-widget elementor-widget-icon-list\" data-id=\"ca80e25\" data-element_type=\"widget\" data-e-type=\"widget\" data-widget_type=\"icon-list.default\">\n\t\t\t\t<div class=\"elementor-widget-container\">\n\t\t\t\t\t\t\t<ul class=\"elementor-icon-list-items\">\n\t\t\t\t\t\t\t<li class=\"elementor-icon-list-item\">\n\t\t\t\t\t\t\t\t\t\t\t<span class=\"elementor-icon-list-icon\">\n\t\t\t\t\t\t\t<svg aria-hidden=\"true\" class=\"e-font-icon-svg e-fas-square-full\" viewBox=\"0 0 512 512\" xmlns=\"http:\/\/www.w3.org\/2000\/svg\"><path d=\"M512 512H0V0h512v512z\"><\/path><\/svg>\t\t\t\t\t\t<\/span>\n\t\t\t\t\t\t\t\t\t\t<span class=\"elementor-icon-list-text\">7. Widerrufsrecht Kein Widerrufsrecht f\u00fcr individuell gestaltete Produkte:<\/span>\n\t\t\t\t\t\t\t\t\t<\/li>\n\t\t\t\t\t\t<\/ul>\n\t\t\t\t\t\t<\/div>\n\t\t\t\t<\/div>\n\t\t\t\t<div class=\"elementor-element elementor-element-1cca466 elementor-widget elementor-widget-text-editor\" data-id=\"1cca466\" data-element_type=\"widget\" data-e-type=\"widget\" data-widget_type=\"text-editor.default\">\n\t\t\t\t<div class=\"elementor-widget-container\">\n\t\t\t\t\t\t\t\t\t<p>Ein Widerrufsrecht besteht nicht bei Vertr\u00e4gen zur Lieferung von Waren, die nicht vorgefertigt sind und f\u00fcr deren Herstellung eine individuelle Auswahl oder Bestimmung durch den Verbraucher ma\u00dfgeblich ist oder die eindeutig auf die pers\u00f6nlichen Bed\u00fcrfnisse des Verbrauchers zugeschnitten sind (z.\u202fB. individuell bedruckte Textilien).<br data-start=\"2178\" data-end=\"2181\" \/>Daher ist <strong data-start=\"2191\" data-end=\"2250\">eine R\u00fcckgabe oder ein Umtausch der Ware ausgeschlossen<\/strong>, sofern kein Mangel vorliegt.<\/p>\t\t\t\t\t\t\t\t<\/div>\n\t\t\t\t<\/div>\n\t\t\t\t<div class=\"elementor-element elementor-element-0e754e8 elementor-icon-list--layout-traditional elementor-list-item-link-full_width elementor-widget elementor-widget-icon-list\" data-id=\"0e754e8\" data-element_type=\"widget\" data-e-type=\"widget\" data-widget_type=\"icon-list.default\">\n\t\t\t\t<div class=\"elementor-widget-container\">\n\t\t\t\t\t\t\t<ul class=\"elementor-icon-list-items\">\n\t\t\t\t\t\t\t<li class=\"elementor-icon-list-item\">\n\t\t\t\t\t\t\t\t\t\t\t<span class=\"elementor-icon-list-icon\">\n\t\t\t\t\t\t\t<svg aria-hidden=\"true\" class=\"e-font-icon-svg e-fas-square-full\" viewBox=\"0 0 512 512\" xmlns=\"http:\/\/www.w3.org\/2000\/svg\"><path d=\"M512 512H0V0h512v512z\"><\/path><\/svg>\t\t\t\t\t\t<\/span>\n\t\t\t\t\t\t\t\t\t\t<span class=\"elementor-icon-list-text\">8. Gew\u00e4hrleistung<\/span>\n\t\t\t\t\t\t\t\t\t<\/li>\n\t\t\t\t\t\t<\/ul>\n\t\t\t\t\t\t<\/div>\n\t\t\t\t<\/div>\n\t\t\t\t<div class=\"elementor-element elementor-element-7dcb609 elementor-widget elementor-widget-text-editor\" data-id=\"7dcb609\" data-element_type=\"widget\" data-e-type=\"widget\" data-widget_type=\"text-editor.default\">\n\t\t\t\t<div class=\"elementor-widget-container\">\n\t\t\t\t\t\t\t\t\t<p>Es gelten die gesetzlichen Gew\u00e4hrleistungsrechte. Bei berechtigten M\u00e4ngeln liefern wir nach oder bessern nach. Sollte eine Nachbesserung nicht m\u00f6glich sein, haben Sie Anspruch auf eine angemessene Minderung des Kaufpreises oder R\u00fccktritt vom Vertrag.<\/p>\t\t\t\t\t\t\t\t<\/div>\n\t\t\t\t<\/div>\n\t\t\t\t<div class=\"elementor-element elementor-element-71100c8 elementor-icon-list--layout-traditional elementor-list-item-link-full_width elementor-widget elementor-widget-icon-list\" data-id=\"71100c8\" data-element_type=\"widget\" data-e-type=\"widget\" data-widget_type=\"icon-list.default\">\n\t\t\t\t<div class=\"elementor-widget-container\">\n\t\t\t\t\t\t\t<ul class=\"elementor-icon-list-items\">\n\t\t\t\t\t\t\t<li class=\"elementor-icon-list-item\">\n\t\t\t\t\t\t\t\t\t\t\t<span class=\"elementor-icon-list-icon\">\n\t\t\t\t\t\t\t<svg aria-hidden=\"true\" class=\"e-font-icon-svg e-fas-square-full\" viewBox=\"0 0 512 512\" xmlns=\"http:\/\/www.w3.org\/2000\/svg\"><path d=\"M512 512H0V0h512v512z\"><\/path><\/svg>\t\t\t\t\t\t<\/span>\n\t\t\t\t\t\t\t\t\t\t<span class=\"elementor-icon-list-text\">9. Haftung<\/span>\n\t\t\t\t\t\t\t\t\t<\/li>\n\t\t\t\t\t\t<\/ul>\n\t\t\t\t\t\t<\/div>\n\t\t\t\t<\/div>\n\t\t\t\t<div class=\"elementor-element elementor-element-5d362c3 elementor-widget elementor-widget-text-editor\" data-id=\"5d362c3\" data-element_type=\"widget\" data-e-type=\"widget\" data-widget_type=\"text-editor.default\">\n\t\t\t\t<div class=\"elementor-widget-container\">\n\t\t\t\t\t\t\t\t\t<p>Wir haften unbeschr\u00e4nkt f\u00fcr Vorsatz und grobe Fahrl\u00e4ssigkeit sowie f\u00fcr die Verletzung wesentlicher Vertragspflichten. Bei leichter Fahrl\u00e4ssigkeit haften wir nur f\u00fcr vorhersehbare Sch\u00e4den. Eine weitergehende Haftung ist ausgeschlossen.<\/p>\t\t\t\t\t\t\t\t<\/div>\n\t\t\t\t<\/div>\n\t\t\t\t<div class=\"elementor-element elementor-element-40fdc43 elementor-icon-list--layout-traditional elementor-list-item-link-full_width elementor-widget elementor-widget-icon-list\" data-id=\"40fdc43\" data-element_type=\"widget\" data-e-type=\"widget\" data-widget_type=\"icon-list.default\">\n\t\t\t\t<div class=\"elementor-widget-container\">\n\t\t\t\t\t\t\t<ul class=\"elementor-icon-list-items\">\n\t\t\t\t\t\t\t<li class=\"elementor-icon-list-item\">\n\t\t\t\t\t\t\t\t\t\t\t<span class=\"elementor-icon-list-icon\">\n\t\t\t\t\t\t\t<svg aria-hidden=\"true\" class=\"e-font-icon-svg e-fas-square-full\" viewBox=\"0 0 512 512\" xmlns=\"http:\/\/www.w3.org\/2000\/svg\"><path d=\"M512 512H0V0h512v512z\"><\/path><\/svg>\t\t\t\t\t\t<\/span>\n\t\t\t\t\t\t\t\t\t\t<span class=\"elementor-icon-list-text\">10. Schlussbestimmungen<\/span>\n\t\t\t\t\t\t\t\t\t<\/li>\n\t\t\t\t\t\t<\/ul>\n\t\t\t\t\t\t<\/div>\n\t\t\t\t<\/div>\n\t\t\t\t<div class=\"elementor-element elementor-element-9e6cfdd elementor-widget elementor-widget-text-editor\" data-id=\"9e6cfdd\" data-element_type=\"widget\" data-e-type=\"widget\" data-widget_type=\"text-editor.default\">\n\t\t\t\t<div class=\"elementor-widget-container\">\n\t\t\t\t\t\t\t\t\t<p>Sollten einzelne Bestimmungen dieser AGB ganz oder teilweise unwirksam sein, so bleibt die G\u00fcltigkeit der \u00fcbrigen Bestimmungen unber\u00fchrt.<br data-start=\"2978\" data-end=\"2981\" \/>Es gilt deutsches Recht unter Ausschluss des UN-Kaufrechts.<\/p>\t\t\t\t\t\t\t\t<\/div>\n\t\t\t\t<\/div>\n\t\t\t\t<\/div>\n\t\t\t\t\t<\/div>\n\t\t\t\t<\/div>\n\t\t\t\t<\/div>\n\t\t","protected":false},"excerpt":{"rendered":"<p>Unsere Allgemeinen Gesch\u00e4ftsbedingungen 1. Geltungsbereich Diese Allgemeinen Gesch\u00e4ftsbedingungen gelten f\u00fcr alle Bestellungen, die Verbraucher (\u00a7 13 BGB) \u00fcber unseren Merch-Shop Fischereiverein Schaumburg-Lippe e.V.. t\u00e4tigen. 2. Vertragspartner Printmedia Atelier GmbH &amp; Co. KGDeisterstr. 2331552 Rodenberg Handelsregister: HRA 200721 Registergericht: Amtsgericht Stadthagen Vertreten durch:Printmedia Verwaltungs GmbHDeisterstr. 2331552 Rodenberg Diese vertreten durch:Sascha Wanjura Handelsregister: HRB 202243Registergericht: Amtsgericht Stadthagen [&hellip;]<\/p>\n","protected":false},"author":1,"featured_media":0,"parent":0,"menu_order":0,"comment_status":"closed","ping_status":"closed","template":"elementor_header_footer","meta":{"footnotes":""},"class_list":["post-235","page","type-page","status-publish","hentry"],"yoast_head":"<!-- This site is optimized with the Yoast SEO plugin v27.0 - https:\/\/yoast.com\/product\/yoast-seo-wordpress\/ -->\n<title>Terms &amp; Privacy - Merch-Shop Fischereiverein Schaumburg-Lippe e.V..<\/title>\n<meta name=\"robots\" content=\"index, follow, max-snippet:-1, max-image-preview:large, max-video-preview:-1\" \/>\n<link rel=\"canonical\" href=\"https:\/\/fv.pma-shop.de\/index.php\/terms-privacy\/\" \/>\n<meta property=\"og:locale\" content=\"de_DE\" \/>\n<meta property=\"og:type\" content=\"article\" \/>\n<meta property=\"og:title\" content=\"Terms &amp; Privacy - Merch-Shop Fischereiverein Schaumburg-Lippe e.V..\" \/>\n<meta property=\"og:description\" content=\"Unsere Allgemeinen Gesch\u00e4ftsbedingungen 1. Geltungsbereich Diese Allgemeinen Gesch\u00e4ftsbedingungen gelten f\u00fcr alle Bestellungen, die Verbraucher (\u00a7 13 BGB) \u00fcber unseren Merch-Shop Fischereiverein Schaumburg-Lippe e.V.. t\u00e4tigen. 2. Vertragspartner Printmedia Atelier GmbH &amp; Co. KGDeisterstr. 2331552 Rodenberg Handelsregister: HRA 200721 Registergericht: Amtsgericht Stadthagen Vertreten durch:Printmedia Verwaltungs GmbHDeisterstr. 2331552 Rodenberg Diese vertreten durch:Sascha Wanjura Handelsregister: HRB 202243Registergericht: Amtsgericht Stadthagen [&hellip;]\" \/>\n<meta property=\"og:url\" content=\"https:\/\/fv.pma-shop.de\/index.php\/terms-privacy\/\" \/>\n<meta property=\"og:site_name\" content=\"Merch-Shop Fischereiverein Schaumburg-Lippe e.V..\" \/>\n<meta property=\"article:modified_time\" content=\"2025-03-24T13:05:37+00:00\" \/>\n<meta name=\"twitter:card\" content=\"summary_large_image\" \/>\n<meta name=\"twitter:label1\" content=\"Gesch\u00e4tzte Lesezeit\" \/>\n\t<meta name=\"twitter:data1\" content=\"2\u00a0Minuten\" \/>\n<script type=\"application\/ld+json\" class=\"yoast-schema-graph\">{\"@context\":\"https:\/\/schema.org\",\"@graph\":[{\"@type\":\"WebPage\",\"@id\":\"https:\/\/fv.pma-shop.de\/index.php\/terms-privacy\/\",\"url\":\"https:\/\/fv.pma-shop.de\/index.php\/terms-privacy\/\",\"name\":\"Terms & Privacy - Merch-Shop Fischereiverein Schaumburg-Lippe e.V..\",\"isPartOf\":{\"@id\":\"https:\/\/fv.pma-shop.de\/#website\"},\"datePublished\":\"2025-03-16T12:02:55+00:00\",\"dateModified\":\"2025-03-24T13:05:37+00:00\",\"breadcrumb\":{\"@id\":\"https:\/\/fv.pma-shop.de\/index.php\/terms-privacy\/#breadcrumb\"},\"inLanguage\":\"de\",\"potentialAction\":[{\"@type\":\"ReadAction\",\"target\":[\"https:\/\/fv.pma-shop.de\/index.php\/terms-privacy\/\"]}]},{\"@type\":\"BreadcrumbList\",\"@id\":\"https:\/\/fv.pma-shop.de\/index.php\/terms-privacy\/#breadcrumb\",\"itemListElement\":[{\"@type\":\"ListItem\",\"position\":1,\"name\":\"Startseite\",\"item\":\"https:\/\/fv.pma-shop.de\/\"},{\"@type\":\"ListItem\",\"position\":2,\"name\":\"Terms &#038; Privacy\"}]},{\"@type\":\"WebSite\",\"@id\":\"https:\/\/fv.pma-shop.de\/#website\",\"url\":\"https:\/\/fv.pma-shop.de\/\",\"name\":\"Merch-Shop Fischereiverein Schaumburg-Lippe e.V..\",\"description\":\"\",\"publisher\":{\"@id\":\"https:\/\/fv.pma-shop.de\/#organization\"},\"potentialAction\":[{\"@type\":\"SearchAction\",\"target\":{\"@type\":\"EntryPoint\",\"urlTemplate\":\"https:\/\/fv.pma-shop.de\/?s={search_term_string}\"},\"query-input\":{\"@type\":\"PropertyValueSpecification\",\"valueRequired\":true,\"valueName\":\"search_term_string\"}}],\"inLanguage\":\"de\"},{\"@type\":\"Organization\",\"@id\":\"https:\/\/fv.pma-shop.de\/#organization\",\"name\":\"Merch-Shop Fischereiverein Schaumburg-Lippe e.V..\",\"url\":\"https:\/\/fv.pma-shop.de\/\",\"logo\":{\"@type\":\"ImageObject\",\"inLanguage\":\"de\",\"@id\":\"https:\/\/fv.pma-shop.de\/#\/schema\/logo\/image\/\",\"url\":\"https:\/\/fv.pma-shop.de\/wp-content\/uploads\/2025\/03\/logo-fv-1-1-edited.png\",\"contentUrl\":\"https:\/\/fv.pma-shop.de\/wp-content\/uploads\/2025\/03\/logo-fv-1-1-edited.png\",\"width\":744,\"height\":744,\"caption\":\"Merch-Shop Fischereiverein Schaumburg-Lippe e.V..\"},\"image\":{\"@id\":\"https:\/\/fv.pma-shop.de\/#\/schema\/logo\/image\/\"}}]}<\/script>\n<!-- \/ Yoast SEO plugin. -->","yoast_head_json":{"title":"Terms & Privacy - Merch-Shop Fischereiverein Schaumburg-Lippe e.V..","robots":{"index":"index","follow":"follow","max-snippet":"max-snippet:-1","max-image-preview":"max-image-preview:large","max-video-preview":"max-video-preview:-1"},"canonical":"https:\/\/fv.pma-shop.de\/index.php\/terms-privacy\/","og_locale":"de_DE","og_type":"article","og_title":"Terms & Privacy - Merch-Shop Fischereiverein Schaumburg-Lippe e.V..","og_description":"Unsere Allgemeinen Gesch\u00e4ftsbedingungen 1. Geltungsbereich Diese Allgemeinen Gesch\u00e4ftsbedingungen gelten f\u00fcr alle Bestellungen, die Verbraucher (\u00a7 13 BGB) \u00fcber unseren Merch-Shop Fischereiverein Schaumburg-Lippe e.V.. t\u00e4tigen. 2. Vertragspartner Printmedia Atelier GmbH &amp; Co. KGDeisterstr. 2331552 Rodenberg Handelsregister: HRA 200721 Registergericht: Amtsgericht Stadthagen Vertreten durch:Printmedia Verwaltungs GmbHDeisterstr. 2331552 Rodenberg Diese vertreten durch:Sascha Wanjura Handelsregister: HRB 202243Registergericht: Amtsgericht Stadthagen [&hellip;]","og_url":"https:\/\/fv.pma-shop.de\/index.php\/terms-privacy\/","og_site_name":"Merch-Shop Fischereiverein Schaumburg-Lippe e.V..","article_modified_time":"2025-03-24T13:05:37+00:00","twitter_card":"summary_large_image","twitter_misc":{"Gesch\u00e4tzte Lesezeit":"2\u00a0Minuten"},"schema":{"@context":"https:\/\/schema.org","@graph":[{"@type":"WebPage","@id":"https:\/\/fv.pma-shop.de\/index.php\/terms-privacy\/","url":"https:\/\/fv.pma-shop.de\/index.php\/terms-privacy\/","name":"Terms & Privacy - Merch-Shop Fischereiverein Schaumburg-Lippe e.V..","isPartOf":{"@id":"https:\/\/fv.pma-shop.de\/#website"},"datePublished":"2025-03-16T12:02:55+00:00","dateModified":"2025-03-24T13:05:37+00:00","breadcrumb":{"@id":"https:\/\/fv.pma-shop.de\/index.php\/terms-privacy\/#breadcrumb"},"inLanguage":"de","potentialAction":[{"@type":"ReadAction","target":["https:\/\/fv.pma-shop.de\/index.php\/terms-privacy\/"]}]},{"@type":"BreadcrumbList","@id":"https:\/\/fv.pma-shop.de\/index.php\/terms-privacy\/#breadcrumb","itemListElement":[{"@type":"ListItem","position":1,"name":"Startseite","item":"https:\/\/fv.pma-shop.de\/"},{"@type":"ListItem","position":2,"name":"Terms &#038; Privacy"}]},{"@type":"WebSite","@id":"https:\/\/fv.pma-shop.de\/#website","url":"https:\/\/fv.pma-shop.de\/","name":"Merch-Shop Fischereiverein Schaumburg-Lippe e.V..","description":"","publisher":{"@id":"https:\/\/fv.pma-shop.de\/#organization"},"potentialAction":[{"@type":"SearchAction","target":{"@type":"EntryPoint","urlTemplate":"https:\/\/fv.pma-shop.de\/?s={search_term_string}"},"query-input":{"@type":"PropertyValueSpecification","valueRequired":true,"valueName":"search_term_string"}}],"inLanguage":"de"},{"@type":"Organization","@id":"https:\/\/fv.pma-shop.de\/#organization","name":"Merch-Shop Fischereiverein Schaumburg-Lippe e.V..","url":"https:\/\/fv.pma-shop.de\/","logo":{"@type":"ImageObject","inLanguage":"de","@id":"https:\/\/fv.pma-shop.de\/#\/schema\/logo\/image\/","url":"https:\/\/fv.pma-shop.de\/wp-content\/uploads\/2025\/03\/logo-fv-1-1-edited.png","contentUrl":"https:\/\/fv.pma-shop.de\/wp-content\/uploads\/2025\/03\/logo-fv-1-1-edited.png","width":744,"height":744,"caption":"Merch-Shop Fischereiverein Schaumburg-Lippe e.V.."},"image":{"@id":"https:\/\/fv.pma-shop.de\/#\/schema\/logo\/image\/"}}]}},"jetpack_sharing_enabled":true,"_links":{"self":[{"href":"https:\/\/fv.pma-shop.de\/index.php\/wp-json\/wp\/v2\/pages\/235","targetHints":{"allow":["GET"]}}],"collection":[{"href":"https:\/\/fv.pma-shop.de\/index.php\/wp-json\/wp\/v2\/pages"}],"about":[{"href":"https:\/\/fv.pma-shop.de\/index.php\/wp-json\/wp\/v2\/types\/page"}],"author":[{"embeddable":true,"href":"https:\/\/fv.pma-shop.de\/index.php\/wp-json\/wp\/v2\/users\/1"}],"replies":[{"embeddable":true,"href":"https:\/\/fv.pma-shop.de\/index.php\/wp-json\/wp\/v2\/comments?post=235"}],"version-history":[{"count":10,"href":"https:\/\/fv.pma-shop.de\/index.php\/wp-json\/wp\/v2\/pages\/235\/revisions"}],"predecessor-version":[{"id":754,"href":"https:\/\/fv.pma-shop.de\/index.php\/wp-json\/wp\/v2\/pages\/235\/revisions\/754"}],"wp:attachment":[{"href":"https:\/\/fv.pma-shop.de\/index.php\/wp-json\/wp\/v2\/media?parent=235"}],"curies":[{"name":"wp","href":"https:\/\/api.w.org\/{rel}","templated":true}]}}