{"id":368,"date":"2025-03-16T13:11:35","date_gmt":"2025-03-16T13:11:35","guid":{"rendered":"https:\/\/fv.pma-shop.de\/?post_type=product&#038;p=368"},"modified":"2025-03-24T16:17:10","modified_gmt":"2025-03-24T15:17:10","slug":"poloshirt","status":"publish","type":"product","link":"https:\/\/fv.pma-shop.de\/index.php\/produkt\/poloshirt\/","title":{"rendered":"Poloshirt"},"content":{"rendered":"<p>Stylisches Polohirt mit Vereinswappen auf der Vorderseite und Vereinsnamen auf dem R\u00fccken \u2013 ideal f\u00fcr echte Vereinsmitglieder!<\/p>\n","protected":false},"excerpt":{"rendered":"<table class=\"attributes table table-striped table-hover\">\n<tbody>\n<tr>\n<th>Material<\/th>\n<td>Piqu\u00e9<\/td>\n<\/tr>\n<tr>\n<th>Zertifizierung<\/th>\n<td>Bio-Baumwolle<br \/>\nVegan<br \/>\nFaire Arbeitsbedingungen<br \/>\nOeko-Tex 100<br \/>\nBio-Baumwolle in Umstellung<\/td>\n<\/tr>\n<tr>\n<th>Grammatur in g\/m\u00b2<\/th>\n<td>170 g\/m\u00b2<\/td>\n<\/tr>\n<tr>\n<th>Materialzusammensetzung<\/th>\n<td>100% Baumwolle (Heather Grey: 90% Baumwolle \/ 10% Viskose)<\/td>\n<\/tr>\n<tr>\n<th>Oeko-Tex<\/th>\n<td>OEKO-TEX\u00ae STANDARD 100: 1501003 Centexbel<\/td>\n<\/tr>\n<tr>\n<th>Polybeutel<\/th>\n<td>Nein<\/td>\n<\/tr>\n<tr>\n<th>Label<\/th>\n<td>Kein Label im Nacken\/Bund<\/td>\n<\/tr>\n<tr>\n<th>Farbigkeit<\/th>\n<td>1-farbig<br \/>\nMeliert<br \/>\nPastell<\/td>\n<\/tr>\n<tr>\n<th>Kn\u00f6pfe<\/th>\n<td>Knopfleiste &#8211; 2 oder weniger Kn\u00f6pfe<br \/>\nKn\u00f6pfe Ton in Ton<\/td>\n<\/tr>\n<tr>\n<th>\u00c4rmel<\/th>\n<td>Kurzarm<br \/>\nSet-In<br \/>\nmit B\u00fcndchen<\/td>\n<\/tr>\n<tr>\n<th>Pflegehinweis<\/th>\n<td>40 \u00b0C waschbar<br \/>\nTrockner geeignet<br \/>\nB\u00fcgeln erlaubt<\/td>\n<\/tr>\n<tr>\n<th>Verarbeitung<\/th>\n<td>Einlaufvorbehandelt \/ Vorgeschrumpft<br \/>\nSeitenn\u00e4hte<\/td>\n<\/tr>\n<tr>\n<th>Ausschnitt<\/th>\n<td>Nackenband<\/td>\n<\/tr>\n<tr>\n<th>Details<\/th>\n<td>Brusttasche (Ohne)<\/td>\n<\/tr>\n<tr>\n<th>Gr\u00f6\u00dfenlauf<\/th>\n<td>S, M, L, XL, XXL, 3XL<\/td>\n<\/tr>\n<\/tbody>\n<\/table>\n","protected":false},"featured_media":372,"comment_status":"open","ping_status":"closed","template":"","meta":[],"product_brand":[],"product_cat":[35],"product_tag":[],"class_list":{"0":"post-368","1":"product","2":"type-product","3":"status-publish","4":"has-post-thumbnail","6":"product_cat-merch","7":"product_shipping_class-paket","9":"first","10":"instock","11":"taxable","12":"shipping-taxable","13":"purchasable","14":"product-type-variable"},"yoast_head":"<!-- This site is optimized with the Yoast SEO plugin v27.0 - https:\/\/yoast.com\/product\/yoast-seo-wordpress\/ -->\n<title>Poloshirt - Merch-Shop Fischereiverein Schaumburg-Lippe e.V..<\/title>\n<meta name=\"robots\" content=\"index, follow, max-snippet:-1, max-image-preview:large, max-video-preview:-1\" \/>\n<link rel=\"canonical\" href=\"https:\/\/fv.pma-shop.de\/index.php\/produkt\/poloshirt\/\" \/>\n<meta property=\"og:locale\" content=\"de_DE\" \/>\n<meta property=\"og:type\" content=\"article\" \/>\n<meta property=\"og:title\" content=\"Poloshirt - Merch-Shop Fischereiverein Schaumburg-Lippe e.V..\" \/>\n<meta property=\"og:description\" content=\"Material Piqu\u00e9   Zertifizierung Bio-Baumwolle Vegan Faire Arbeitsbedingungen Oeko-Tex 100 Bio-Baumwolle in Umstellung   Grammatur in g\/m\u00b2 170 g\/m\u00b2   Materialzusammensetzung 100% Baumwolle (Heather Grey: 90% Baumwolle \/ 10% Viskose)   Oeko-Tex OEKO-TEX\u00ae STANDARD 100: 1501003 Centexbel   Polybeutel Nein   Label Kein Label im Nacken\/Bund   Farbigkeit 1-farbig Meliert Pastell   Kn\u00f6pfe Knopfleiste - 2 oder weniger Kn\u00f6pfe Kn\u00f6pfe Ton in Ton   \u00c4rmel Kurzarm Set-In mit B\u00fcndchen   Pflegehinweis 40 \u00b0C waschbar Trockner geeignet B\u00fcgeln erlaubt   Verarbeitung Einlaufvorbehandelt \/ Vorgeschrumpft Seitenn\u00e4hte   Ausschnitt Nackenband   Details Brusttasche (Ohne)   Gr\u00f6\u00dfenlauf S, M, L, XL, XXL, 3XL\" \/>\n<meta property=\"og:url\" content=\"https:\/\/fv.pma-shop.de\/index.php\/produkt\/poloshirt\/\" \/>\n<meta property=\"og:site_name\" content=\"Merch-Shop Fischereiverein Schaumburg-Lippe e.V..\" \/>\n<meta property=\"article:modified_time\" content=\"2025-03-24T15:17:10+00:00\" \/>\n<meta property=\"og:image\" content=\"https:\/\/fv.pma-shop.de\/wp-content\/uploads\/2025\/03\/Polo-schwarz.webp\" \/>\n\t<meta property=\"og:image:width\" content=\"800\" \/>\n\t<meta property=\"og:image:height\" content=\"1029\" \/>\n\t<meta property=\"og:image:type\" content=\"image\/webp\" \/>\n<meta name=\"twitter:card\" content=\"summary_large_image\" \/>\n<meta name=\"twitter:label1\" content=\"Gesch\u00e4tzte Lesezeit\" \/>\n\t<meta name=\"twitter:data1\" content=\"1\u00a0Minute\" \/>\n<script type=\"application\/ld+json\" class=\"yoast-schema-graph\">{\"@context\":\"https:\/\/schema.org\",\"@graph\":[{\"@type\":\"WebPage\",\"@id\":\"https:\/\/fv.pma-shop.de\/index.php\/produkt\/poloshirt\/\",\"url\":\"https:\/\/fv.pma-shop.de\/index.php\/produkt\/poloshirt\/\",\"name\":\"Poloshirt - Merch-Shop Fischereiverein Schaumburg-Lippe e.V..\",\"isPartOf\":{\"@id\":\"https:\/\/fv.pma-shop.de\/#website\"},\"primaryImageOfPage\":{\"@id\":\"https:\/\/fv.pma-shop.de\/index.php\/produkt\/poloshirt\/#primaryimage\"},\"image\":{\"@id\":\"https:\/\/fv.pma-shop.de\/index.php\/produkt\/poloshirt\/#primaryimage\"},\"thumbnailUrl\":\"https:\/\/fv.pma-shop.de\/wp-content\/uploads\/2025\/03\/Polo-schwarz.webp\",\"datePublished\":\"2025-03-16T13:11:35+00:00\",\"dateModified\":\"2025-03-24T15:17:10+00:00\",\"breadcrumb\":{\"@id\":\"https:\/\/fv.pma-shop.de\/index.php\/produkt\/poloshirt\/#breadcrumb\"},\"inLanguage\":\"de\",\"potentialAction\":[{\"@type\":\"ReadAction\",\"target\":[\"https:\/\/fv.pma-shop.de\/index.php\/produkt\/poloshirt\/\"]}]},{\"@type\":\"ImageObject\",\"inLanguage\":\"de\",\"@id\":\"https:\/\/fv.pma-shop.de\/index.php\/produkt\/poloshirt\/#primaryimage\",\"url\":\"https:\/\/fv.pma-shop.de\/wp-content\/uploads\/2025\/03\/Polo-schwarz.webp\",\"contentUrl\":\"https:\/\/fv.pma-shop.de\/wp-content\/uploads\/2025\/03\/Polo-schwarz.webp\",\"width\":800,\"height\":1029},{\"@type\":\"BreadcrumbList\",\"@id\":\"https:\/\/fv.pma-shop.de\/index.php\/produkt\/poloshirt\/#breadcrumb\",\"itemListElement\":[{\"@type\":\"ListItem\",\"position\":1,\"name\":\"Startseite\",\"item\":\"https:\/\/fv.pma-shop.de\/\"},{\"@type\":\"ListItem\",\"position\":2,\"name\":\"Shop\",\"item\":\"https:\/\/fv.pma-shop.de\/index.php\/shop-2\/\"},{\"@type\":\"ListItem\",\"position\":3,\"name\":\"Poloshirt\"}]},{\"@type\":\"WebSite\",\"@id\":\"https:\/\/fv.pma-shop.de\/#website\",\"url\":\"https:\/\/fv.pma-shop.de\/\",\"name\":\"Merch-Shop Fischereiverein Schaumburg-Lippe e.V..\",\"description\":\"\",\"publisher\":{\"@id\":\"https:\/\/fv.pma-shop.de\/#organization\"},\"potentialAction\":[{\"@type\":\"SearchAction\",\"target\":{\"@type\":\"EntryPoint\",\"urlTemplate\":\"https:\/\/fv.pma-shop.de\/?s={search_term_string}\"},\"query-input\":{\"@type\":\"PropertyValueSpecification\",\"valueRequired\":true,\"valueName\":\"search_term_string\"}}],\"inLanguage\":\"de\"},{\"@type\":\"Organization\",\"@id\":\"https:\/\/fv.pma-shop.de\/#organization\",\"name\":\"Merch-Shop Fischereiverein Schaumburg-Lippe e.V..\",\"url\":\"https:\/\/fv.pma-shop.de\/\",\"logo\":{\"@type\":\"ImageObject\",\"inLanguage\":\"de\",\"@id\":\"https:\/\/fv.pma-shop.de\/#\/schema\/logo\/image\/\",\"url\":\"https:\/\/fv.pma-shop.de\/wp-content\/uploads\/2025\/03\/logo-fv-1-1-edited.png\",\"contentUrl\":\"https:\/\/fv.pma-shop.de\/wp-content\/uploads\/2025\/03\/logo-fv-1-1-edited.png\",\"width\":744,\"height\":744,\"caption\":\"Merch-Shop Fischereiverein Schaumburg-Lippe e.V..\"},\"image\":{\"@id\":\"https:\/\/fv.pma-shop.de\/#\/schema\/logo\/image\/\"}}]}<\/script>\n<!-- \/ Yoast SEO plugin. -->","yoast_head_json":{"title":"Poloshirt - Merch-Shop Fischereiverein Schaumburg-Lippe e.V..","robots":{"index":"index","follow":"follow","max-snippet":"max-snippet:-1","max-image-preview":"max-image-preview:large","max-video-preview":"max-video-preview:-1"},"canonical":"https:\/\/fv.pma-shop.de\/index.php\/produkt\/poloshirt\/","og_locale":"de_DE","og_type":"article","og_title":"Poloshirt - Merch-Shop Fischereiverein Schaumburg-Lippe e.V..","og_description":"Material Piqu\u00e9   Zertifizierung Bio-Baumwolle Vegan Faire Arbeitsbedingungen Oeko-Tex 100 Bio-Baumwolle in Umstellung   Grammatur in g\/m\u00b2 170 g\/m\u00b2   Materialzusammensetzung 100% Baumwolle (Heather Grey: 90% Baumwolle \/ 10% Viskose)   Oeko-Tex OEKO-TEX\u00ae STANDARD 100: 1501003 Centexbel   Polybeutel Nein   Label Kein Label im Nacken\/Bund   Farbigkeit 1-farbig Meliert Pastell   Kn\u00f6pfe Knopfleiste - 2 oder weniger Kn\u00f6pfe Kn\u00f6pfe Ton in Ton   \u00c4rmel Kurzarm Set-In mit B\u00fcndchen   Pflegehinweis 40 \u00b0C waschbar Trockner geeignet B\u00fcgeln erlaubt   Verarbeitung Einlaufvorbehandelt \/ Vorgeschrumpft Seitenn\u00e4hte   Ausschnitt Nackenband   Details Brusttasche (Ohne)   Gr\u00f6\u00dfenlauf S, M, L, XL, XXL, 3XL","og_url":"https:\/\/fv.pma-shop.de\/index.php\/produkt\/poloshirt\/","og_site_name":"Merch-Shop Fischereiverein Schaumburg-Lippe e.V..","article_modified_time":"2025-03-24T15:17:10+00:00","og_image":[{"width":800,"height":1029,"url":"https:\/\/fv.pma-shop.de\/wp-content\/uploads\/2025\/03\/Polo-schwarz.webp","type":"image\/webp"}],"twitter_card":"summary_large_image","twitter_misc":{"Gesch\u00e4tzte Lesezeit":"1\u00a0Minute"},"schema":{"@context":"https:\/\/schema.org","@graph":[{"@type":"WebPage","@id":"https:\/\/fv.pma-shop.de\/index.php\/produkt\/poloshirt\/","url":"https:\/\/fv.pma-shop.de\/index.php\/produkt\/poloshirt\/","name":"Poloshirt - Merch-Shop Fischereiverein Schaumburg-Lippe e.V..","isPartOf":{"@id":"https:\/\/fv.pma-shop.de\/#website"},"primaryImageOfPage":{"@id":"https:\/\/fv.pma-shop.de\/index.php\/produkt\/poloshirt\/#primaryimage"},"image":{"@id":"https:\/\/fv.pma-shop.de\/index.php\/produkt\/poloshirt\/#primaryimage"},"thumbnailUrl":"https:\/\/fv.pma-shop.de\/wp-content\/uploads\/2025\/03\/Polo-schwarz.webp","datePublished":"2025-03-16T13:11:35+00:00","dateModified":"2025-03-24T15:17:10+00:00","breadcrumb":{"@id":"https:\/\/fv.pma-shop.de\/index.php\/produkt\/poloshirt\/#breadcrumb"},"inLanguage":"de","potentialAction":[{"@type":"ReadAction","target":["https:\/\/fv.pma-shop.de\/index.php\/produkt\/poloshirt\/"]}]},{"@type":"ImageObject","inLanguage":"de","@id":"https:\/\/fv.pma-shop.de\/index.php\/produkt\/poloshirt\/#primaryimage","url":"https:\/\/fv.pma-shop.de\/wp-content\/uploads\/2025\/03\/Polo-schwarz.webp","contentUrl":"https:\/\/fv.pma-shop.de\/wp-content\/uploads\/2025\/03\/Polo-schwarz.webp","width":800,"height":1029},{"@type":"BreadcrumbList","@id":"https:\/\/fv.pma-shop.de\/index.php\/produkt\/poloshirt\/#breadcrumb","itemListElement":[{"@type":"ListItem","position":1,"name":"Startseite","item":"https:\/\/fv.pma-shop.de\/"},{"@type":"ListItem","position":2,"name":"Shop","item":"https:\/\/fv.pma-shop.de\/index.php\/shop-2\/"},{"@type":"ListItem","position":3,"name":"Poloshirt"}]},{"@type":"WebSite","@id":"https:\/\/fv.pma-shop.de\/#website","url":"https:\/\/fv.pma-shop.de\/","name":"Merch-Shop Fischereiverein Schaumburg-Lippe e.V..","description":"","publisher":{"@id":"https:\/\/fv.pma-shop.de\/#organization"},"potentialAction":[{"@type":"SearchAction","target":{"@type":"EntryPoint","urlTemplate":"https:\/\/fv.pma-shop.de\/?s={search_term_string}"},"query-input":{"@type":"PropertyValueSpecification","valueRequired":true,"valueName":"search_term_string"}}],"inLanguage":"de"},{"@type":"Organization","@id":"https:\/\/fv.pma-shop.de\/#organization","name":"Merch-Shop Fischereiverein Schaumburg-Lippe e.V..","url":"https:\/\/fv.pma-shop.de\/","logo":{"@type":"ImageObject","inLanguage":"de","@id":"https:\/\/fv.pma-shop.de\/#\/schema\/logo\/image\/","url":"https:\/\/fv.pma-shop.de\/wp-content\/uploads\/2025\/03\/logo-fv-1-1-edited.png","contentUrl":"https:\/\/fv.pma-shop.de\/wp-content\/uploads\/2025\/03\/logo-fv-1-1-edited.png","width":744,"height":744,"caption":"Merch-Shop Fischereiverein Schaumburg-Lippe e.V.."},"image":{"@id":"https:\/\/fv.pma-shop.de\/#\/schema\/logo\/image\/"}}]}},"jetpack_sharing_enabled":true,"_links":{"self":[{"href":"https:\/\/fv.pma-shop.de\/index.php\/wp-json\/wp\/v2\/product\/368","targetHints":{"allow":["GET"]}}],"collection":[{"href":"https:\/\/fv.pma-shop.de\/index.php\/wp-json\/wp\/v2\/product"}],"about":[{"href":"https:\/\/fv.pma-shop.de\/index.php\/wp-json\/wp\/v2\/types\/product"}],"replies":[{"embeddable":true,"href":"https:\/\/fv.pma-shop.de\/index.php\/wp-json\/wp\/v2\/comments?post=368"}],"wp:featuredmedia":[{"embeddable":true,"href":"https:\/\/fv.pma-shop.de\/index.php\/wp-json\/wp\/v2\/media\/372"}],"wp:attachment":[{"href":"https:\/\/fv.pma-shop.de\/index.php\/wp-json\/wp\/v2\/media?parent=368"}],"wp:term":[{"taxonomy":"product_brand","embeddable":true,"href":"https:\/\/fv.pma-shop.de\/index.php\/wp-json\/wp\/v2\/product_brand?post=368"},{"taxonomy":"product_cat","embeddable":true,"href":"https:\/\/fv.pma-shop.de\/index.php\/wp-json\/wp\/v2\/product_cat?post=368"},{"taxonomy":"product_tag","embeddable":true,"href":"https:\/\/fv.pma-shop.de\/index.php\/wp-json\/wp\/v2\/product_tag?post=368"}],"curies":[{"name":"wp","href":"https:\/\/api.w.org\/{rel}","templated":true}]}}