{"id":428,"date":"2025-03-16T13:37:29","date_gmt":"2025-03-16T13:37:29","guid":{"rendered":"https:\/\/fv.pma-shop.de\/?post_type=product&#038;p=428"},"modified":"2025-03-24T16:15:48","modified_gmt":"2025-03-24T15:15:48","slug":"aufkleber","status":"publish","type":"product","link":"https:\/\/fv.pma-shop.de\/index.php\/produkt\/aufkleber\/","title":{"rendered":"Aufkleber"},"content":{"rendered":"<p>Hochwertiger Outdoor-Sticker mit Wappenmotiv \u2013 wetterfest und langlebig. Mit gl\u00e4nzender, witterungsbest\u00e4ndiger Schutzfolie f\u00fcr maximalen Schutz.<\/p>\n","protected":false},"excerpt":{"rendered":"<p>Hochwertiger Outdoor-Sticker mit Wappenmotiv \u2013 wetterfest und langlebig. Mit gl\u00e4nzender, witterungsbest\u00e4ndiger Schutzfolie f\u00fcr maximalen Schutz.<\/p>\n","protected":false},"featured_media":119,"comment_status":"open","ping_status":"closed","template":"","meta":[],"product_brand":[],"product_cat":[35],"product_tag":[],"class_list":{"0":"post-428","1":"product","2":"type-product","3":"status-publish","4":"has-post-thumbnail","6":"product_cat-merch","7":"product_shipping_class-brief","9":"first","10":"instock","11":"taxable","12":"shipping-taxable","13":"purchasable","14":"product-type-variable"},"yoast_head":"<!-- This site is optimized with the Yoast SEO plugin v27.0 - https:\/\/yoast.com\/product\/yoast-seo-wordpress\/ -->\n<title>Aufkleber - Merch-Shop Fischereiverein Schaumburg-Lippe e.V..<\/title>\n<meta name=\"robots\" content=\"index, follow, max-snippet:-1, max-image-preview:large, max-video-preview:-1\" \/>\n<link rel=\"canonical\" href=\"https:\/\/fv.pma-shop.de\/index.php\/produkt\/aufkleber\/\" \/>\n<meta property=\"og:locale\" content=\"de_DE\" \/>\n<meta property=\"og:type\" content=\"article\" \/>\n<meta property=\"og:title\" content=\"Aufkleber - Merch-Shop Fischereiverein Schaumburg-Lippe e.V..\" \/>\n<meta property=\"og:description\" content=\"Hochwertiger Outdoor-Sticker mit Wappenmotiv \u2013 wetterfest und langlebig. Mit gl\u00e4nzender, witterungsbest\u00e4ndiger Schutzfolie f\u00fcr maximalen Schutz.\" \/>\n<meta property=\"og:url\" content=\"https:\/\/fv.pma-shop.de\/index.php\/produkt\/aufkleber\/\" \/>\n<meta property=\"og:site_name\" content=\"Merch-Shop Fischereiverein Schaumburg-Lippe e.V..\" \/>\n<meta property=\"article:modified_time\" content=\"2025-03-24T15:15:48+00:00\" \/>\n<meta property=\"og:image\" content=\"https:\/\/fv.pma-shop.de\/wp-content\/uploads\/2025\/03\/logo-fv-1-1-edited.png\" \/>\n\t<meta property=\"og:image:width\" content=\"744\" \/>\n\t<meta property=\"og:image:height\" content=\"744\" \/>\n\t<meta property=\"og:image:type\" content=\"image\/png\" \/>\n<meta name=\"twitter:card\" content=\"summary_large_image\" \/>\n<meta name=\"twitter:label1\" content=\"Gesch\u00e4tzte Lesezeit\" \/>\n\t<meta name=\"twitter:data1\" content=\"1\u00a0Minute\" \/>\n<script type=\"application\/ld+json\" class=\"yoast-schema-graph\">{\"@context\":\"https:\/\/schema.org\",\"@graph\":[{\"@type\":\"WebPage\",\"@id\":\"https:\/\/fv.pma-shop.de\/index.php\/produkt\/aufkleber\/\",\"url\":\"https:\/\/fv.pma-shop.de\/index.php\/produkt\/aufkleber\/\",\"name\":\"Aufkleber - Merch-Shop Fischereiverein Schaumburg-Lippe e.V..\",\"isPartOf\":{\"@id\":\"https:\/\/fv.pma-shop.de\/#website\"},\"primaryImageOfPage\":{\"@id\":\"https:\/\/fv.pma-shop.de\/index.php\/produkt\/aufkleber\/#primaryimage\"},\"image\":{\"@id\":\"https:\/\/fv.pma-shop.de\/index.php\/produkt\/aufkleber\/#primaryimage\"},\"thumbnailUrl\":\"https:\/\/fv.pma-shop.de\/wp-content\/uploads\/2025\/03\/logo-fv-1-1-edited.png\",\"datePublished\":\"2025-03-16T13:37:29+00:00\",\"dateModified\":\"2025-03-24T15:15:48+00:00\",\"breadcrumb\":{\"@id\":\"https:\/\/fv.pma-shop.de\/index.php\/produkt\/aufkleber\/#breadcrumb\"},\"inLanguage\":\"de\",\"potentialAction\":[{\"@type\":\"ReadAction\",\"target\":[\"https:\/\/fv.pma-shop.de\/index.php\/produkt\/aufkleber\/\"]}]},{\"@type\":\"ImageObject\",\"inLanguage\":\"de\",\"@id\":\"https:\/\/fv.pma-shop.de\/index.php\/produkt\/aufkleber\/#primaryimage\",\"url\":\"https:\/\/fv.pma-shop.de\/wp-content\/uploads\/2025\/03\/logo-fv-1-1-edited.png\",\"contentUrl\":\"https:\/\/fv.pma-shop.de\/wp-content\/uploads\/2025\/03\/logo-fv-1-1-edited.png\",\"width\":744,\"height\":744},{\"@type\":\"BreadcrumbList\",\"@id\":\"https:\/\/fv.pma-shop.de\/index.php\/produkt\/aufkleber\/#breadcrumb\",\"itemListElement\":[{\"@type\":\"ListItem\",\"position\":1,\"name\":\"Startseite\",\"item\":\"https:\/\/fv.pma-shop.de\/\"},{\"@type\":\"ListItem\",\"position\":2,\"name\":\"Shop\",\"item\":\"https:\/\/fv.pma-shop.de\/index.php\/shop-2\/\"},{\"@type\":\"ListItem\",\"position\":3,\"name\":\"Aufkleber\"}]},{\"@type\":\"WebSite\",\"@id\":\"https:\/\/fv.pma-shop.de\/#website\",\"url\":\"https:\/\/fv.pma-shop.de\/\",\"name\":\"Merch-Shop Fischereiverein Schaumburg-Lippe e.V..\",\"description\":\"\",\"publisher\":{\"@id\":\"https:\/\/fv.pma-shop.de\/#organization\"},\"potentialAction\":[{\"@type\":\"SearchAction\",\"target\":{\"@type\":\"EntryPoint\",\"urlTemplate\":\"https:\/\/fv.pma-shop.de\/?s={search_term_string}\"},\"query-input\":{\"@type\":\"PropertyValueSpecification\",\"valueRequired\":true,\"valueName\":\"search_term_string\"}}],\"inLanguage\":\"de\"},{\"@type\":\"Organization\",\"@id\":\"https:\/\/fv.pma-shop.de\/#organization\",\"name\":\"Merch-Shop Fischereiverein Schaumburg-Lippe e.V..\",\"url\":\"https:\/\/fv.pma-shop.de\/\",\"logo\":{\"@type\":\"ImageObject\",\"inLanguage\":\"de\",\"@id\":\"https:\/\/fv.pma-shop.de\/#\/schema\/logo\/image\/\",\"url\":\"https:\/\/fv.pma-shop.de\/wp-content\/uploads\/2025\/03\/logo-fv-1-1-edited.png\",\"contentUrl\":\"https:\/\/fv.pma-shop.de\/wp-content\/uploads\/2025\/03\/logo-fv-1-1-edited.png\",\"width\":744,\"height\":744,\"caption\":\"Merch-Shop Fischereiverein Schaumburg-Lippe e.V..\"},\"image\":{\"@id\":\"https:\/\/fv.pma-shop.de\/#\/schema\/logo\/image\/\"}}]}<\/script>\n<!-- \/ Yoast SEO plugin. -->","yoast_head_json":{"title":"Aufkleber - Merch-Shop Fischereiverein Schaumburg-Lippe e.V..","robots":{"index":"index","follow":"follow","max-snippet":"max-snippet:-1","max-image-preview":"max-image-preview:large","max-video-preview":"max-video-preview:-1"},"canonical":"https:\/\/fv.pma-shop.de\/index.php\/produkt\/aufkleber\/","og_locale":"de_DE","og_type":"article","og_title":"Aufkleber - Merch-Shop Fischereiverein Schaumburg-Lippe e.V..","og_description":"Hochwertiger Outdoor-Sticker mit Wappenmotiv \u2013 wetterfest und langlebig. Mit gl\u00e4nzender, witterungsbest\u00e4ndiger Schutzfolie f\u00fcr maximalen Schutz.","og_url":"https:\/\/fv.pma-shop.de\/index.php\/produkt\/aufkleber\/","og_site_name":"Merch-Shop Fischereiverein Schaumburg-Lippe e.V..","article_modified_time":"2025-03-24T15:15:48+00:00","og_image":[{"width":744,"height":744,"url":"https:\/\/fv.pma-shop.de\/wp-content\/uploads\/2025\/03\/logo-fv-1-1-edited.png","type":"image\/png"}],"twitter_card":"summary_large_image","twitter_misc":{"Gesch\u00e4tzte Lesezeit":"1\u00a0Minute"},"schema":{"@context":"https:\/\/schema.org","@graph":[{"@type":"WebPage","@id":"https:\/\/fv.pma-shop.de\/index.php\/produkt\/aufkleber\/","url":"https:\/\/fv.pma-shop.de\/index.php\/produkt\/aufkleber\/","name":"Aufkleber - Merch-Shop Fischereiverein Schaumburg-Lippe e.V..","isPartOf":{"@id":"https:\/\/fv.pma-shop.de\/#website"},"primaryImageOfPage":{"@id":"https:\/\/fv.pma-shop.de\/index.php\/produkt\/aufkleber\/#primaryimage"},"image":{"@id":"https:\/\/fv.pma-shop.de\/index.php\/produkt\/aufkleber\/#primaryimage"},"thumbnailUrl":"https:\/\/fv.pma-shop.de\/wp-content\/uploads\/2025\/03\/logo-fv-1-1-edited.png","datePublished":"2025-03-16T13:37:29+00:00","dateModified":"2025-03-24T15:15:48+00:00","breadcrumb":{"@id":"https:\/\/fv.pma-shop.de\/index.php\/produkt\/aufkleber\/#breadcrumb"},"inLanguage":"de","potentialAction":[{"@type":"ReadAction","target":["https:\/\/fv.pma-shop.de\/index.php\/produkt\/aufkleber\/"]}]},{"@type":"ImageObject","inLanguage":"de","@id":"https:\/\/fv.pma-shop.de\/index.php\/produkt\/aufkleber\/#primaryimage","url":"https:\/\/fv.pma-shop.de\/wp-content\/uploads\/2025\/03\/logo-fv-1-1-edited.png","contentUrl":"https:\/\/fv.pma-shop.de\/wp-content\/uploads\/2025\/03\/logo-fv-1-1-edited.png","width":744,"height":744},{"@type":"BreadcrumbList","@id":"https:\/\/fv.pma-shop.de\/index.php\/produkt\/aufkleber\/#breadcrumb","itemListElement":[{"@type":"ListItem","position":1,"name":"Startseite","item":"https:\/\/fv.pma-shop.de\/"},{"@type":"ListItem","position":2,"name":"Shop","item":"https:\/\/fv.pma-shop.de\/index.php\/shop-2\/"},{"@type":"ListItem","position":3,"name":"Aufkleber"}]},{"@type":"WebSite","@id":"https:\/\/fv.pma-shop.de\/#website","url":"https:\/\/fv.pma-shop.de\/","name":"Merch-Shop Fischereiverein Schaumburg-Lippe e.V..","description":"","publisher":{"@id":"https:\/\/fv.pma-shop.de\/#organization"},"potentialAction":[{"@type":"SearchAction","target":{"@type":"EntryPoint","urlTemplate":"https:\/\/fv.pma-shop.de\/?s={search_term_string}"},"query-input":{"@type":"PropertyValueSpecification","valueRequired":true,"valueName":"search_term_string"}}],"inLanguage":"de"},{"@type":"Organization","@id":"https:\/\/fv.pma-shop.de\/#organization","name":"Merch-Shop Fischereiverein Schaumburg-Lippe e.V..","url":"https:\/\/fv.pma-shop.de\/","logo":{"@type":"ImageObject","inLanguage":"de","@id":"https:\/\/fv.pma-shop.de\/#\/schema\/logo\/image\/","url":"https:\/\/fv.pma-shop.de\/wp-content\/uploads\/2025\/03\/logo-fv-1-1-edited.png","contentUrl":"https:\/\/fv.pma-shop.de\/wp-content\/uploads\/2025\/03\/logo-fv-1-1-edited.png","width":744,"height":744,"caption":"Merch-Shop Fischereiverein Schaumburg-Lippe e.V.."},"image":{"@id":"https:\/\/fv.pma-shop.de\/#\/schema\/logo\/image\/"}}]}},"jetpack_sharing_enabled":true,"_links":{"self":[{"href":"https:\/\/fv.pma-shop.de\/index.php\/wp-json\/wp\/v2\/product\/428","targetHints":{"allow":["GET"]}}],"collection":[{"href":"https:\/\/fv.pma-shop.de\/index.php\/wp-json\/wp\/v2\/product"}],"about":[{"href":"https:\/\/fv.pma-shop.de\/index.php\/wp-json\/wp\/v2\/types\/product"}],"replies":[{"embeddable":true,"href":"https:\/\/fv.pma-shop.de\/index.php\/wp-json\/wp\/v2\/comments?post=428"}],"wp:featuredmedia":[{"embeddable":true,"href":"https:\/\/fv.pma-shop.de\/index.php\/wp-json\/wp\/v2\/media\/119"}],"wp:attachment":[{"href":"https:\/\/fv.pma-shop.de\/index.php\/wp-json\/wp\/v2\/media?parent=428"}],"wp:term":[{"taxonomy":"product_brand","embeddable":true,"href":"https:\/\/fv.pma-shop.de\/index.php\/wp-json\/wp\/v2\/product_brand?post=428"},{"taxonomy":"product_cat","embeddable":true,"href":"https:\/\/fv.pma-shop.de\/index.php\/wp-json\/wp\/v2\/product_cat?post=428"},{"taxonomy":"product_tag","embeddable":true,"href":"https:\/\/fv.pma-shop.de\/index.php\/wp-json\/wp\/v2\/product_tag?post=428"}],"curies":[{"name":"wp","href":"https:\/\/api.w.org\/{rel}","templated":true}]}}