{"id":780,"date":"2025-03-24T15:12:32","date_gmt":"2025-03-24T14:12:32","guid":{"rendered":"https:\/\/fv.pma-shop.de\/?post_type=product&#038;p=780"},"modified":"2025-03-24T16:16:09","modified_gmt":"2025-03-24T15:16:09","slug":"premium-sweatshirt","status":"publish","type":"product","link":"https:\/\/fv.pma-shop.de\/index.php\/produkt\/premium-sweatshirt\/","title":{"rendered":"Premium Sweatshirt"},"content":{"rendered":"<article class=\"group\/turn w-full text-token-text-primary focus-visible:outline-2 focus-visible:outline-offset-[-4px]\" dir=\"auto\" data-testid=\"conversation-turn-4\" data-scroll-anchor=\"true\">\n<div class=\"text-base my-auto mx-auto py-[18px] px-6\">\n<div class=\"mx-auto flex flex-1 text-base gap-4 md:gap-5 lg:gap-6 md:max-w-3xl\">\n<div class=\"group\/conversation-turn relative flex w-full min-w-0 flex-col agent-turn @xs\/thread:px-0 @sm\/thread:px-1.5 @md\/thread:px-4\">\n<div class=\"flex-col gap-1 md:gap-3\">\n<div class=\"flex max-w-full flex-col flex-grow\">\n<div class=\"min-h-8 text-message relative flex w-full flex-col items-end gap-2 whitespace-normal break-words text-start [.text-message+&amp;]:mt-5\" dir=\"auto\" data-message-author-role=\"assistant\" data-message-id=\"d25cf0f6-e397-4535-9512-8436433ee614\" data-message-model-slug=\"gpt-4o\">\n<div class=\"flex w-full flex-col gap-1 empty:hidden first:pt-[3px]\">\n<div class=\"markdown prose w-full break-words dark:prose-invert light\">\n<p data-start=\"0\" data-end=\"125\" data-is-last-node=\"\" data-is-only-node=\"\">Premium Sweatshirt mit Vereinswappen auf der Vorderseite und Vereinsnamen auf dem R\u00fccken \u2013 ideal f\u00fcr Mitglieder!<\/p>\n<\/div>\n<\/div>\n<\/div>\n<\/div>\n<\/div>\n<\/div>\n<\/div>\n<\/div>\n<\/article>\n","protected":false},"excerpt":{"rendered":"<table class=\"attributes table table-striped table-hover\">\n<tbody>\n<tr>\n<th>Zertifizierung<\/th>\n<td>Faire Arbeitsbedingungen<br \/>\nOeko-Tex 100<\/td>\n<\/tr>\n<tr>\n<th>Grammatur in g\/m\u00b2<\/th>\n<td>280 g\/m\u00b2 (White, Heather Grey: 260 g\/m\u00b2)<\/td>\n<\/tr>\n<tr>\n<th>Materialzusammensetzung<\/th>\n<td>70% Baumwolle \/ 30% Polyester<\/td>\n<\/tr>\n<tr>\n<th>Oeko-Tex<\/th>\n<td>OEKO-TEX\u00ae STANDARD 100: 08-5295 Shirley<\/td>\n<\/tr>\n<tr>\n<th>Polybeutel<\/th>\n<td>Nein<\/td>\n<\/tr>\n<tr>\n<th>Ausschnitt<\/th>\n<td>Rundhals<\/td>\n<\/tr>\n<tr>\n<th>\u00c4rmel<\/th>\n<td>Langarm<br \/>\nSet-In<br \/>\nmit B\u00fcndchen<\/td>\n<\/tr>\n<tr>\n<th>Farbigkeit<\/th>\n<td>1-farbig<br \/>\nMeliert<\/td>\n<\/tr>\n<tr>\n<th>Kragen \/ Kapuze<\/th>\n<td>Ohne Kapuze<\/td>\n<\/tr>\n<tr>\n<th>Sweatshirts- &amp; jacken (Art)<\/th>\n<td>Sweatshirts<\/td>\n<\/tr>\n<tr>\n<th>Pflegehinweis<\/th>\n<td>40 \u00b0C waschbar<br \/>\nTrockner geeignet<br \/>\nB\u00fcgeln erlaubt<\/td>\n<\/tr>\n<tr>\n<th>Passform<\/th>\n<td>Regular (normal geschnitten)<\/td>\n<\/tr>\n<tr>\n<th>Verarbeitung<\/th>\n<td>Innen angeraut<\/td>\n<\/tr>\n<tr>\n<th>Gr\u00f6\u00dfenlauf<\/th>\n<td>S, M, L, XL, XXL, 3XL<\/td>\n<\/tr>\n<\/tbody>\n<\/table>\n","protected":false},"featured_media":631,"comment_status":"open","ping_status":"closed","template":"","meta":[],"product_brand":[],"product_cat":[35],"product_tag":[],"class_list":{"0":"post-780","1":"product","2":"type-product","3":"status-publish","4":"has-post-thumbnail","6":"product_cat-merch","7":"product_shipping_class-paket","9":"first","10":"instock","11":"taxable","12":"shipping-taxable","13":"purchasable","14":"product-type-variable"},"yoast_head":"<!-- This site is optimized with the Yoast SEO plugin v27.0 - https:\/\/yoast.com\/product\/yoast-seo-wordpress\/ -->\n<title>Premium Sweatshirt - Merch-Shop Fischereiverein Schaumburg-Lippe e.V..<\/title>\n<meta name=\"robots\" content=\"index, follow, max-snippet:-1, max-image-preview:large, max-video-preview:-1\" \/>\n<link rel=\"canonical\" href=\"https:\/\/fv.pma-shop.de\/index.php\/produkt\/premium-sweatshirt\/\" \/>\n<meta property=\"og:locale\" content=\"de_DE\" \/>\n<meta property=\"og:type\" content=\"article\" \/>\n<meta property=\"og:title\" content=\"Premium Sweatshirt - Merch-Shop Fischereiverein Schaumburg-Lippe e.V..\" \/>\n<meta property=\"og:description\" content=\"Zertifizierung Faire Arbeitsbedingungen Oeko-Tex 100   Grammatur in g\/m\u00b2 280 g\/m\u00b2 (White, Heather Grey: 260 g\/m\u00b2)   Materialzusammensetzung 70% Baumwolle \/ 30% Polyester   Oeko-Tex OEKO-TEX\u00ae STANDARD 100: 08-5295 Shirley   Polybeutel Nein   Ausschnitt Rundhals   \u00c4rmel Langarm Set-In mit B\u00fcndchen   Farbigkeit 1-farbig Meliert   Kragen \/ Kapuze Ohne Kapuze   Sweatshirts- &amp; jacken (Art) Sweatshirts   Pflegehinweis 40 \u00b0C waschbar Trockner geeignet B\u00fcgeln erlaubt   Passform Regular (normal geschnitten)   Verarbeitung Innen angeraut   Gr\u00f6\u00dfenlauf S, M, L, XL, XXL, 3XL\" \/>\n<meta property=\"og:url\" content=\"https:\/\/fv.pma-shop.de\/index.php\/produkt\/premium-sweatshirt\/\" \/>\n<meta property=\"og:site_name\" content=\"Merch-Shop Fischereiverein Schaumburg-Lippe e.V..\" \/>\n<meta property=\"article:modified_time\" content=\"2025-03-24T15:16:09+00:00\" \/>\n<meta property=\"og:image\" content=\"https:\/\/fv.pma-shop.de\/wp-content\/uploads\/2025\/03\/Sweater_schwarz.webp\" \/>\n\t<meta property=\"og:image:width\" content=\"800\" \/>\n\t<meta property=\"og:image:height\" content=\"800\" \/>\n\t<meta property=\"og:image:type\" content=\"image\/webp\" \/>\n<meta name=\"twitter:card\" content=\"summary_large_image\" \/>\n<meta name=\"twitter:label1\" content=\"Gesch\u00e4tzte Lesezeit\" \/>\n\t<meta name=\"twitter:data1\" content=\"1\u00a0Minute\" \/>\n<script type=\"application\/ld+json\" class=\"yoast-schema-graph\">{\"@context\":\"https:\/\/schema.org\",\"@graph\":[{\"@type\":\"WebPage\",\"@id\":\"https:\/\/fv.pma-shop.de\/index.php\/produkt\/premium-sweatshirt\/\",\"url\":\"https:\/\/fv.pma-shop.de\/index.php\/produkt\/premium-sweatshirt\/\",\"name\":\"Premium Sweatshirt - Merch-Shop Fischereiverein Schaumburg-Lippe e.V..\",\"isPartOf\":{\"@id\":\"https:\/\/fv.pma-shop.de\/#website\"},\"primaryImageOfPage\":{\"@id\":\"https:\/\/fv.pma-shop.de\/index.php\/produkt\/premium-sweatshirt\/#primaryimage\"},\"image\":{\"@id\":\"https:\/\/fv.pma-shop.de\/index.php\/produkt\/premium-sweatshirt\/#primaryimage\"},\"thumbnailUrl\":\"https:\/\/fv.pma-shop.de\/wp-content\/uploads\/2025\/03\/Sweater_schwarz.webp\",\"datePublished\":\"2025-03-24T14:12:32+00:00\",\"dateModified\":\"2025-03-24T15:16:09+00:00\",\"breadcrumb\":{\"@id\":\"https:\/\/fv.pma-shop.de\/index.php\/produkt\/premium-sweatshirt\/#breadcrumb\"},\"inLanguage\":\"de\",\"potentialAction\":[{\"@type\":\"ReadAction\",\"target\":[\"https:\/\/fv.pma-shop.de\/index.php\/produkt\/premium-sweatshirt\/\"]}]},{\"@type\":\"ImageObject\",\"inLanguage\":\"de\",\"@id\":\"https:\/\/fv.pma-shop.de\/index.php\/produkt\/premium-sweatshirt\/#primaryimage\",\"url\":\"https:\/\/fv.pma-shop.de\/wp-content\/uploads\/2025\/03\/Sweater_schwarz.webp\",\"contentUrl\":\"https:\/\/fv.pma-shop.de\/wp-content\/uploads\/2025\/03\/Sweater_schwarz.webp\",\"width\":800,\"height\":800},{\"@type\":\"BreadcrumbList\",\"@id\":\"https:\/\/fv.pma-shop.de\/index.php\/produkt\/premium-sweatshirt\/#breadcrumb\",\"itemListElement\":[{\"@type\":\"ListItem\",\"position\":1,\"name\":\"Startseite\",\"item\":\"https:\/\/fv.pma-shop.de\/\"},{\"@type\":\"ListItem\",\"position\":2,\"name\":\"Shop\",\"item\":\"https:\/\/fv.pma-shop.de\/index.php\/shop-2\/\"},{\"@type\":\"ListItem\",\"position\":3,\"name\":\"Premium Sweatshirt\"}]},{\"@type\":\"WebSite\",\"@id\":\"https:\/\/fv.pma-shop.de\/#website\",\"url\":\"https:\/\/fv.pma-shop.de\/\",\"name\":\"Merch-Shop Fischereiverein Schaumburg-Lippe e.V..\",\"description\":\"\",\"publisher\":{\"@id\":\"https:\/\/fv.pma-shop.de\/#organization\"},\"potentialAction\":[{\"@type\":\"SearchAction\",\"target\":{\"@type\":\"EntryPoint\",\"urlTemplate\":\"https:\/\/fv.pma-shop.de\/?s={search_term_string}\"},\"query-input\":{\"@type\":\"PropertyValueSpecification\",\"valueRequired\":true,\"valueName\":\"search_term_string\"}}],\"inLanguage\":\"de\"},{\"@type\":\"Organization\",\"@id\":\"https:\/\/fv.pma-shop.de\/#organization\",\"name\":\"Merch-Shop Fischereiverein Schaumburg-Lippe e.V..\",\"url\":\"https:\/\/fv.pma-shop.de\/\",\"logo\":{\"@type\":\"ImageObject\",\"inLanguage\":\"de\",\"@id\":\"https:\/\/fv.pma-shop.de\/#\/schema\/logo\/image\/\",\"url\":\"https:\/\/fv.pma-shop.de\/wp-content\/uploads\/2025\/03\/logo-fv-1-1-edited.png\",\"contentUrl\":\"https:\/\/fv.pma-shop.de\/wp-content\/uploads\/2025\/03\/logo-fv-1-1-edited.png\",\"width\":744,\"height\":744,\"caption\":\"Merch-Shop Fischereiverein Schaumburg-Lippe e.V..\"},\"image\":{\"@id\":\"https:\/\/fv.pma-shop.de\/#\/schema\/logo\/image\/\"}}]}<\/script>\n<!-- \/ Yoast SEO plugin. -->","yoast_head_json":{"title":"Premium Sweatshirt - Merch-Shop Fischereiverein Schaumburg-Lippe e.V..","robots":{"index":"index","follow":"follow","max-snippet":"max-snippet:-1","max-image-preview":"max-image-preview:large","max-video-preview":"max-video-preview:-1"},"canonical":"https:\/\/fv.pma-shop.de\/index.php\/produkt\/premium-sweatshirt\/","og_locale":"de_DE","og_type":"article","og_title":"Premium Sweatshirt - Merch-Shop Fischereiverein Schaumburg-Lippe e.V..","og_description":"Zertifizierung Faire Arbeitsbedingungen Oeko-Tex 100   Grammatur in g\/m\u00b2 280 g\/m\u00b2 (White, Heather Grey: 260 g\/m\u00b2)   Materialzusammensetzung 70% Baumwolle \/ 30% Polyester   Oeko-Tex OEKO-TEX\u00ae STANDARD 100: 08-5295 Shirley   Polybeutel Nein   Ausschnitt Rundhals   \u00c4rmel Langarm Set-In mit B\u00fcndchen   Farbigkeit 1-farbig Meliert   Kragen \/ Kapuze Ohne Kapuze   Sweatshirts- &amp; jacken (Art) Sweatshirts   Pflegehinweis 40 \u00b0C waschbar Trockner geeignet B\u00fcgeln erlaubt   Passform Regular (normal geschnitten)   Verarbeitung Innen angeraut   Gr\u00f6\u00dfenlauf S, M, L, XL, XXL, 3XL","og_url":"https:\/\/fv.pma-shop.de\/index.php\/produkt\/premium-sweatshirt\/","og_site_name":"Merch-Shop Fischereiverein Schaumburg-Lippe e.V..","article_modified_time":"2025-03-24T15:16:09+00:00","og_image":[{"width":800,"height":800,"url":"https:\/\/fv.pma-shop.de\/wp-content\/uploads\/2025\/03\/Sweater_schwarz.webp","type":"image\/webp"}],"twitter_card":"summary_large_image","twitter_misc":{"Gesch\u00e4tzte Lesezeit":"1\u00a0Minute"},"schema":{"@context":"https:\/\/schema.org","@graph":[{"@type":"WebPage","@id":"https:\/\/fv.pma-shop.de\/index.php\/produkt\/premium-sweatshirt\/","url":"https:\/\/fv.pma-shop.de\/index.php\/produkt\/premium-sweatshirt\/","name":"Premium Sweatshirt - Merch-Shop Fischereiverein Schaumburg-Lippe e.V..","isPartOf":{"@id":"https:\/\/fv.pma-shop.de\/#website"},"primaryImageOfPage":{"@id":"https:\/\/fv.pma-shop.de\/index.php\/produkt\/premium-sweatshirt\/#primaryimage"},"image":{"@id":"https:\/\/fv.pma-shop.de\/index.php\/produkt\/premium-sweatshirt\/#primaryimage"},"thumbnailUrl":"https:\/\/fv.pma-shop.de\/wp-content\/uploads\/2025\/03\/Sweater_schwarz.webp","datePublished":"2025-03-24T14:12:32+00:00","dateModified":"2025-03-24T15:16:09+00:00","breadcrumb":{"@id":"https:\/\/fv.pma-shop.de\/index.php\/produkt\/premium-sweatshirt\/#breadcrumb"},"inLanguage":"de","potentialAction":[{"@type":"ReadAction","target":["https:\/\/fv.pma-shop.de\/index.php\/produkt\/premium-sweatshirt\/"]}]},{"@type":"ImageObject","inLanguage":"de","@id":"https:\/\/fv.pma-shop.de\/index.php\/produkt\/premium-sweatshirt\/#primaryimage","url":"https:\/\/fv.pma-shop.de\/wp-content\/uploads\/2025\/03\/Sweater_schwarz.webp","contentUrl":"https:\/\/fv.pma-shop.de\/wp-content\/uploads\/2025\/03\/Sweater_schwarz.webp","width":800,"height":800},{"@type":"BreadcrumbList","@id":"https:\/\/fv.pma-shop.de\/index.php\/produkt\/premium-sweatshirt\/#breadcrumb","itemListElement":[{"@type":"ListItem","position":1,"name":"Startseite","item":"https:\/\/fv.pma-shop.de\/"},{"@type":"ListItem","position":2,"name":"Shop","item":"https:\/\/fv.pma-shop.de\/index.php\/shop-2\/"},{"@type":"ListItem","position":3,"name":"Premium Sweatshirt"}]},{"@type":"WebSite","@id":"https:\/\/fv.pma-shop.de\/#website","url":"https:\/\/fv.pma-shop.de\/","name":"Merch-Shop Fischereiverein Schaumburg-Lippe e.V..","description":"","publisher":{"@id":"https:\/\/fv.pma-shop.de\/#organization"},"potentialAction":[{"@type":"SearchAction","target":{"@type":"EntryPoint","urlTemplate":"https:\/\/fv.pma-shop.de\/?s={search_term_string}"},"query-input":{"@type":"PropertyValueSpecification","valueRequired":true,"valueName":"search_term_string"}}],"inLanguage":"de"},{"@type":"Organization","@id":"https:\/\/fv.pma-shop.de\/#organization","name":"Merch-Shop Fischereiverein Schaumburg-Lippe e.V..","url":"https:\/\/fv.pma-shop.de\/","logo":{"@type":"ImageObject","inLanguage":"de","@id":"https:\/\/fv.pma-shop.de\/#\/schema\/logo\/image\/","url":"https:\/\/fv.pma-shop.de\/wp-content\/uploads\/2025\/03\/logo-fv-1-1-edited.png","contentUrl":"https:\/\/fv.pma-shop.de\/wp-content\/uploads\/2025\/03\/logo-fv-1-1-edited.png","width":744,"height":744,"caption":"Merch-Shop Fischereiverein Schaumburg-Lippe e.V.."},"image":{"@id":"https:\/\/fv.pma-shop.de\/#\/schema\/logo\/image\/"}}]}},"jetpack_sharing_enabled":true,"_links":{"self":[{"href":"https:\/\/fv.pma-shop.de\/index.php\/wp-json\/wp\/v2\/product\/780","targetHints":{"allow":["GET"]}}],"collection":[{"href":"https:\/\/fv.pma-shop.de\/index.php\/wp-json\/wp\/v2\/product"}],"about":[{"href":"https:\/\/fv.pma-shop.de\/index.php\/wp-json\/wp\/v2\/types\/product"}],"replies":[{"embeddable":true,"href":"https:\/\/fv.pma-shop.de\/index.php\/wp-json\/wp\/v2\/comments?post=780"}],"wp:featuredmedia":[{"embeddable":true,"href":"https:\/\/fv.pma-shop.de\/index.php\/wp-json\/wp\/v2\/media\/631"}],"wp:attachment":[{"href":"https:\/\/fv.pma-shop.de\/index.php\/wp-json\/wp\/v2\/media?parent=780"}],"wp:term":[{"taxonomy":"product_brand","embeddable":true,"href":"https:\/\/fv.pma-shop.de\/index.php\/wp-json\/wp\/v2\/product_brand?post=780"},{"taxonomy":"product_cat","embeddable":true,"href":"https:\/\/fv.pma-shop.de\/index.php\/wp-json\/wp\/v2\/product_cat?post=780"},{"taxonomy":"product_tag","embeddable":true,"href":"https:\/\/fv.pma-shop.de\/index.php\/wp-json\/wp\/v2\/product_tag?post=780"}],"curies":[{"name":"wp","href":"https:\/\/api.w.org\/{rel}","templated":true}]}}